{"id":5644,"date":"2022-01-31T17:31:43","date_gmt":"2022-01-31T17:31:43","guid":{"rendered":"https:\/\/npu.it\/privacy-policy\/"},"modified":"2022-04-19T08:17:49","modified_gmt":"2022-04-19T08:17:49","slug":"privacy-policy","status":"publish","type":"page","link":"https:\/\/npu.it\/en\/privacy-policy\/","title":{"rendered":"Privacy Policy"},"content":{"rendered":"\n<p><strong>Informativa ai sensi dell\u2019art.13 del Regolamento europeo 679\/2016 \u2013 GDPR<\/strong><\/p>\n\n<p>In ottemperanza a quanto previsto dal Regolamento UE n.679\/2016 ed in relazione ai dati personali, della Vostra Persona, che Nuovi Paesaggi Urbani si trover\u00e0 ad acquisire nell\u2019ambito della propria specifica attivit\u00e0 imprenditoriale e commerciale, ai sensi e per gli effetti dell\u2019art. 13 del sopracitato regolamento (di seguito GDPR), siamo a comunicare quanto segue:<\/p>\n\n<p><strong>Titolare del trattamento e responsabilit\u00e0 della protezione dei dati personali.<\/strong><\/p>\n\n<p>Titolare del trattamento dei dati personali \u00e8 Nicol\u00f2 Bassetti (di seguito, anche solo il Titolare), in persona del proprio legale rappresentante, Sig.ra Nicol\u00f2 Bassetti , con sede legale in Roma, Via Panisperna 69, 00197 cod. fisc. BSSNLM61M22F205T, telefono 3484704547, e-mail\u00a0<a href=\"mailto:info@mimom.it\">npu@npu.it<\/a>,  cui ogni interessato pu\u00f2 rivolgersi per ogni questione concernente il trattamento e la protezione dei propri dati personali.<\/p>\n\n<p><strong>Finalit\u00e0 del trattamento dei dati personali.<\/strong><\/p>\n\n<p>Il Titolare, assicurando il pieno rispetto delle normative nazionali e comunitarie in materia di protezione e sicurezza dei dati personali, acquisir\u00e0 e tratter\u00e0 le informazioni al solo fine di porre in essere, curare ed implementare la propria attivit\u00e0 imprenditoriale, informativa e commerciale, con le modalit\u00e0 normativamente pi\u00f9 corrette ed allo scopo di perseguire i propri obiettivi aziendali, di espansione commerciale e di business.<\/p>\n\n<p>I dati, quindi, potranno essere utilizzati nell\u2019ambito di divulgazione informativa circa gli specifici temi trattati da npu.it e d\u2019interesse per i propri utenti, compresi eventi ed iniziative correlate, contratti, procedure amministrative aziendali e fatturazione, obblighi di natura contabile o fiscale.<\/p>\n\n<p>I dati che il Titolare si trova ad acquisire nell\u2019ambito della propria normale attivit\u00e0 aziendale, con riguardo a Utenti\/Clienti\/Fornitori, sono: dati identificativi generali (nome, cognome, et\u00e0, professione, residenza), dati identificativi on-line (indirizzo posta elettronica, eventuale sito web di riferimento, eventuale pec).<\/p>\n\n<p>Con l\u2019utilizzo dei servizi e funzionalit\u00e0 di npu.it, con l\u2019utilizzo della prestazione e\/o la conclusione di un contratto o con l\u2019iscrizione alla newsletter, l\u2019utente interessato (Fornitore e\/o Cliente) conferma di aver preso integrale visione della presente informativa, concede il suo consenso alla seguente disposizione e disciplina per la protezione dei propri dati personali e ne avalla, integralmente e senza riserve, ogni aspetto e modalit\u00e0.<\/p>\n\n<p><strong>Base giuridica del trattamento.<\/strong><\/p>\n\n<p>In relazione a quanto specificato nel punto che precede, si puntualizza, quindi, che la base giuridica del trattamento dei dati personali, da parte del Titolare, \u00e8 prettamente di natura contrattuale, allo scopo di perseguire obiettivi informativi, divulgativi, commerciali e di crescita del business del Titolare medesimo, legati alla sua sola attivit\u00e0 imprenditoriale.<\/p>\n\n<p><strong>Modalit\u00e0 di trattamento.<\/strong><\/p>\n\n<p>I dati acquisiti, verranno trattati dal Titolare nella piena ottemperanza di quanto previsto dal Regolamento UE 679\/2016 \u2013 GDPR, a mezzo delle migliori modalit\u00e0 tecnico-informatiche, allo scopo di garantire il miglior livello di sicurezza possibile, in ragione dell\u2019attuale tecnologia.<\/p>\n\n<p>In particolare, l\u2019accesso ai dati, raccolti in archivi informatizzati, sar\u00e0 possibile e consentito ai soli soggetti specificamente autorizzati dal Titolare o dal Responsabile della protezione dei dati personali (RPD), la gestione e protezione dei dati sar\u00e0 costantemente monitorata e l\u2019acquisizione e registrazione degli stessi avverr\u00e0 solo su contatto diretto con l\u2019interessato, non in altre forme.<\/p>\n\n<p><strong>Destinatari o categorie di destinatari dei dati personali.<\/strong><\/p>\n\n<p>Il Titolare non comunicher\u00e0 i dati personali acquisiti ad alcun soggetto terzo, salvo si tratti di professionisti (consulenti, commercialisti, avvocati, etc..) e che ci\u00f2 risulti strettamente necessario al raggiungimento degli scopi commerciali, fondati su base contrattuale, sopra chiariti e cui si rimanda; i dati, inoltre, potranno essere trasmessi ad amministrazioni ed autorit\u00e0 pubbliche, in assolvimento di obblighi di legge.<\/p>\n\n<p><strong>Conservazione dei dati personali.<\/strong><\/p>\n\n<p>I dati personali degli interessati, oggetto di trattamento per le sole finalit\u00e0 sopra esposte, potranno essere conservati per il periodo di durata del contratto e, successivamente, per il periodo nel quale, il Titolare, sia eventualmente soggetto a obblighi di conservazione per finalit\u00e0 di legge generale.<\/p>\n\n<p><strong>Conseguenze della mancata comunicazione dei dati personali.<\/strong><\/p>\n\n<p>Il Titolare comunica che, in ossequio alle finalit\u00e0 del trattamento gi\u00e0 chiarite, fondate su base e necessit\u00e0 contrattuale, la mancata comunicazione dei dati personali da parte dell\u2019interessato ed\/o il suo mancato consenso al trattamento dei dati stessi (pur non essendo affatto obbligatori), non permetteranno la regolare conclusione del rapporto contrattuale medesimo.<\/p>\n\n<p><strong>Profilazione e diffusione dei dati.<\/strong><\/p>\n\n<p>I dati degli interessati, acquisiti e trattati dal Titolare, non saranno oggetto di diffusione o di alcun processo decisionale interamente automatizzato, compresa la profilazione.<\/p>\n\n<p><strong>Diritti dell\u2019interessato e modalit\u00e0 di reclamo.<\/strong><\/p>\n\n<p>Ogni interessato potr\u00e0, in ogni momento e rivolgendosi al Titolare od al Responsabile della protezione dei dati (RPD):<\/p>\n\n<ul class=\"wp-block-list\"><li>chiedere l\u2019accesso ai suoi dati personali e ad ogni informazione relativa agli stessi; la rettifica di dati inesatti o l\u2019integrazione di quelli incompleti; la cancellazione dei dati personali che lo riguardano o la limitazione del trattamento degli stessi (in particolare, ai sensi degli artt. 17 e 18 GDPR); la cancellazione dalla mailing list, ove sia avvenuta la relativa iscrizione;<\/li><li>richiedere ed ottenere dal Titolare, in caso di base giuridica contrattuale del trattamento e di trattamento automatizzato, i propri dati personali in un formato strutturato e leggibile da dispositivo automatico, anche al fine di eventualmente comunicare i dati ad altro titolare del trattamento (portabilit\u00e0 dei dati);<\/li><li>opporsi in qualsiasi momento al trattamento dei propri dati personali, al ricorrere di particolari situazioni che lo riguardano;<\/li><li>revocare il proprio consenso al trattamento dei dati, per una o pi\u00f9 finalit\u00e0 e\/o categorie od integralmente; il trattamento operato in precedenza ed in virt\u00f9 del consenso acquisito, permane del tutto valido;<\/li><li>proporre reclamo ad un\u2019autorit\u00e0 di controllo, nazionale o comunitaria (Autorit\u00e0 Garante per la protezione dei dati personali,\u00a0<a href=\"http:\/\/www.garanteprivacy.it\/\">garanteprivacy.it<\/a>).<\/li><\/ul>\n<p>Ultimo aggiornamento: 17 febbraio 2022<\/p>\n","protected":false},"excerpt":{"rendered":"<p>Informativa ai sensi dell\u2019art.13 del Regolamento europeo 679\/2016 \u2013 GDPR In ottemperanza a quanto previsto dal Regolamento UE n.679\/2016 ed in relazione ai dati personali, della Vostra Persona, che Nuovi Paesaggi Urbani si trover\u00e0 ad acquisire nell\u2019ambito della propria specifica attivit\u00e0 imprenditoriale e commerciale, ai sensi e per gli effetti dell\u2019art. 13 del sopracitato regolamento [&hellip;]<\/p>\n","protected":false},"author":1,"featured_media":0,"parent":0,"menu_order":0,"comment_status":"closed","ping_status":"open","template":"","meta":{"inline_featured_image":false,"footnotes":""},"class_list":["post-5644","page","type-page","status-publish","hentry"],"_links":{"self":[{"href":"https:\/\/npu.it\/en\/wp-json\/wp\/v2\/pages\/5644","targetHints":{"allow":["GET"]}}],"collection":[{"href":"https:\/\/npu.it\/en\/wp-json\/wp\/v2\/pages"}],"about":[{"href":"https:\/\/npu.it\/en\/wp-json\/wp\/v2\/types\/page"}],"author":[{"embeddable":true,"href":"https:\/\/npu.it\/en\/wp-json\/wp\/v2\/users\/1"}],"replies":[{"embeddable":true,"href":"https:\/\/npu.it\/en\/wp-json\/wp\/v2\/comments?post=5644"}],"version-history":[{"count":1,"href":"https:\/\/npu.it\/en\/wp-json\/wp\/v2\/pages\/5644\/revisions"}],"predecessor-version":[{"id":5645,"href":"https:\/\/npu.it\/en\/wp-json\/wp\/v2\/pages\/5644\/revisions\/5645"}],"wp:attachment":[{"href":"https:\/\/npu.it\/en\/wp-json\/wp\/v2\/media?parent=5644"}],"curies":[{"name":"wp","href":"https:\/\/api.w.org\/{rel}","templated":true}]}}